{"id":29,"date":"2025-10-07T15:36:05","date_gmt":"2025-10-07T13:36:05","guid":{"rendered":"https:\/\/trilabs.pl\/?page_id=29"},"modified":"2025-12-16T11:29:04","modified_gmt":"2025-12-16T10:29:04","slug":"kontakt","status":"publish","type":"page","link":"https:\/\/trilabs.pl\/en\/kontakt\/","title":{"rendered":"Kontakt"},"content":{"rendered":"\t\t<div data-elementor-type=\"wp-page\" data-elementor-id=\"29\" class=\"elementor elementor-29\" data-elementor-post-type=\"page\">\n\t\t\t\t<div class=\"elementor-element elementor-element-5d20bb0 e-flex e-con-boxed e-con e-parent\" data-id=\"5d20bb0\" data-element_type=\"container\" data-e-type=\"container\">\n\t\t\t\t\t<div class=\"e-con-inner\">\n\t\t\t\t<div class=\"elementor-element elementor-element-a3ff3fc elementor-widget elementor-widget-heading\" data-id=\"a3ff3fc\" data-element_type=\"widget\" data-e-type=\"widget\" data-widget_type=\"heading.default\">\n\t\t\t\t\t<h4 class=\"elementor-heading-title elementor-size-default\">Masz pytania? Ch\u0119tnie udzielimy odpowiedzi:<\/h4>\t\t\t\t<\/div>\n\t\t\t\t\t<\/div>\n\t\t\t\t<\/div>\n\t\t<div class=\"elementor-element elementor-element-396bf65 e-flex e-con-boxed e-con e-parent\" data-id=\"396bf65\" data-element_type=\"container\" data-e-type=\"container\">\n\t\t\t\t\t<div class=\"e-con-inner\">\n\t\t<div class=\"elementor-element elementor-element-9599619 e-con-full e-flex e-con e-child\" data-id=\"9599619\" data-element_type=\"container\" data-e-type=\"container\">\n\t\t\t\t<div class=\"elementor-element elementor-element-e65487d elementor-widget elementor-widget-text-editor\" data-id=\"e65487d\" data-element_type=\"widget\" data-e-type=\"widget\" data-widget_type=\"text-editor.default\">\n\t\t\t\t\t\t\t\t\t<p><strong>Patryk Karolczyk \u2013 Prezes Zarz\u0105du<\/strong><\/p><ul><li>\u00a0zapytania ofertowe<\/li><li>\u00a0transport i odbi\u00f3r pr\u00f3bek<\/li><li>\u00a0doradztwo techniczne w zakresie bada\u0144<\/li><li>\u00a0kwestie umowne<\/li><\/ul><p>tel: (+48) 733859277<\/p><p>email: <a href=\"mailto:p.karolczyk@trilabs.pl\">p.karolczyk@trilabs.pl<\/a><\/p><p><strong>Dawid Dworak \u2013 Cz\u0142onek Zarz\u0105du<\/strong><\/p><ul><li>\u00a0zapytania ofertowe<\/li><li>\u00a0planowanie bada\u0144<\/li><li>wsparcie projektowe w geotechnice<\/li><li>\u00a0kwestie umowne<\/li><\/ul><p>tel: (+48) 509670899<\/p><p>email: <a href=\"mailto:d.dworak@trilabs.pl\">d.dworak@trilabs.pl<\/a><\/p><p><strong>Ma\u0142gorzata Wdowska \u2013 Cz\u0142onek Zarz\u0105du<\/strong><\/p><ul><li>\u00a0doradztwo techniczne w zakresie bada\u0144<\/li><\/ul><p>email: <a href=\"mailto:m.wdowska@trilabs.pl\">m.wdowska@trilabs.pl<\/a><\/p>\t\t\t\t\t\t\t\t<\/div>\n\t\t\t\t<\/div>\n\t\t<div class=\"elementor-element elementor-element-4b67bf9 e-con-full e-flex e-con e-child\" data-id=\"4b67bf9\" data-element_type=\"container\" data-e-type=\"container\">\n\t\t\t\t<div class=\"elementor-element elementor-element-aa511f9 elementor-widget elementor-widget-heading\" data-id=\"aa511f9\" data-element_type=\"widget\" data-e-type=\"widget\" data-widget_type=\"heading.default\">\n\t\t\t\t\t<h6 class=\"elementor-heading-title elementor-size-default\">Wype\u0142nij formularz kontaktowy lub wy\u015blij wiadomo\u015b\u0107 na adres: <a href=\"mailto:biuro@trilabs.pl\">biuro@trilabs.pl<\/a><\/h6>\t\t\t\t<\/div>\n\t\t\t\t<div class=\"elementor-element elementor-element-0ff2a13 elementor-button-align-stretch elementor-widget elementor-widget-form\" data-id=\"0ff2a13\" data-element_type=\"widget\" data-e-type=\"widget\" data-settings=\"{&quot;step_next_label&quot;:&quot;Nast\\u0119pny&quot;,&quot;step_previous_label&quot;:&quot;Poprzedni&quot;,&quot;button_width&quot;:&quot;100&quot;,&quot;step_type&quot;:&quot;number_text&quot;,&quot;step_icon_shape&quot;:&quot;circle&quot;}\" data-widget_type=\"form.default\">\n\t\t\t\t\t\t\t<form class=\"elementor-form\" method=\"post\" name=\"Formularz kontaktowy TRILABS\" aria-label=\"Formularz kontaktowy TRILABS\">\n\t\t\t<input type=\"hidden\" name=\"post_id\" value=\"29\"\/>\n\t\t\t<input type=\"hidden\" name=\"form_id\" value=\"0ff2a13\"\/>\n\t\t\t<input type=\"hidden\" name=\"referer_title\" value=\"\" \/>\n\n\t\t\t\n\t\t\t<div class=\"elementor-form-fields-wrapper elementor-labels-above\">\n\t\t\t\t\t\t\t\t<div class=\"elementor-field-type-text elementor-field-group elementor-column elementor-field-group-name elementor-col-100\">\n\t\t\t\t\t\t\t\t\t\t\t\t<label for=\"form-field-name\" class=\"elementor-field-label\">\n\t\t\t\t\t\t\t\tImi\u0119 i nazwisko\t\t\t\t\t\t\t<\/label>\n\t\t\t\t\t\t\t\t\t\t\t\t\t\t<input size=\"1\" type=\"text\" name=\"form_fields[name]\" id=\"form-field-name\" class=\"elementor-field elementor-size-sm  elementor-field-textual\" placeholder=\"Imi\u0119 i nazwisko\">\n\t\t\t\t\t\t\t\t\t\t\t<\/div>\n\t\t\t\t\t\t\t\t<div class=\"elementor-field-type-email elementor-field-group elementor-column elementor-field-group-email elementor-col-100 elementor-field-required\">\n\t\t\t\t\t\t\t\t\t\t\t\t<label for=\"form-field-email\" class=\"elementor-field-label\">\n\t\t\t\t\t\t\t\tAdres e-mail\t\t\t\t\t\t\t<\/label>\n\t\t\t\t\t\t\t\t\t\t\t\t\t\t<input size=\"1\" type=\"email\" name=\"form_fields[email]\" id=\"form-field-email\" class=\"elementor-field elementor-size-sm  elementor-field-textual\" placeholder=\"Adres e-mail\" required=\"required\">\n\t\t\t\t\t\t\t\t\t\t\t<\/div>\n\t\t\t\t\t\t\t\t<div class=\"elementor-field-type-textarea elementor-field-group elementor-column elementor-field-group-message elementor-col-100\">\n\t\t\t\t\t\t\t\t\t\t\t\t<label for=\"form-field-message\" class=\"elementor-field-label\">\n\t\t\t\t\t\t\t\tWiadomo\u015b\u0107\t\t\t\t\t\t\t<\/label>\n\t\t\t\t\t\t<textarea class=\"elementor-field-textual elementor-field  elementor-size-sm\" name=\"form_fields[message]\" id=\"form-field-message\" rows=\"4\" placeholder=\"Wiadomo\u015b\u0107\"><\/textarea>\t\t\t\t<\/div>\n\t\t\t\t\t\t\t\t<div class=\"elementor-field-group elementor-column elementor-field-type-submit elementor-col-100 e-form__buttons\">\n\t\t\t\t\t<button class=\"elementor-button elementor-size-sm\" type=\"submit\">\n\t\t\t\t\t\t<span class=\"elementor-button-content-wrapper\">\n\t\t\t\t\t\t\t\t\t\t\t\t\t\t\t\t\t\t\t\t\t\t<span class=\"elementor-button-text\">Wy\u015blij<\/span>\n\t\t\t\t\t\t\t\t\t\t\t\t\t<\/span>\n\t\t\t\t\t<\/button>\n\t\t\t\t<\/div>\n\t\t\t<\/div>\n\t\t<\/form>\n\t\t\t\t\t\t<\/div>\n\t\t\t\t<\/div>\n\t\t\t\t\t<\/div>\n\t\t\t\t<\/div>\n\t\t<div class=\"elementor-element elementor-element-b2ccb68 e-flex e-con-boxed e-con e-parent\" data-id=\"b2ccb68\" data-element_type=\"container\" data-e-type=\"container\">\n\t\t\t\t\t<div class=\"e-con-inner\">\n\t\t\t\t<div class=\"elementor-element elementor-element-b493376 elementor-widget elementor-widget-heading\" data-id=\"b493376\" data-element_type=\"widget\" data-e-type=\"widget\" data-widget_type=\"heading.default\">\n\t\t\t\t\t<h4 class=\"elementor-heading-title elementor-size-default\">Nasz adres:<\/h4>\t\t\t\t<\/div>\n\t\t\t\t\t<\/div>\n\t\t\t\t<\/div>\n\t\t<div class=\"elementor-element elementor-element-ddc4642 e-flex e-con-boxed e-con e-parent\" data-id=\"ddc4642\" data-element_type=\"container\" data-e-type=\"container\">\n\t\t\t\t\t<div class=\"e-con-inner\">\n\t\t\t\t<div class=\"elementor-element elementor-element-9e97c63 elementor-widget elementor-widget-google_maps\" data-id=\"9e97c63\" data-element_type=\"widget\" data-e-type=\"widget\" data-widget_type=\"google_maps.default\">\n\t\t\t\t\t\t\t<div class=\"elementor-custom-embed\">\n\t\t\t<iframe loading=\"lazy\"\n\t\t\t\t\tsrc=\"https:\/\/maps.google.com\/maps?q=Aleja%20Wojciecha%20Korfantego%20191%2C%2040-153%20Katowice%2C%20Polska&#038;t=m&#038;z=10&#038;output=embed&#038;iwloc=near\"\n\t\t\t\t\ttitle=\"Aleja Wojciecha Korfantego 191, 40-153 Katowice, Polska\"\n\t\t\t\t\taria-label=\"Aleja Wojciecha Korfantego 191, 40-153 Katowice, Polska\"\n\t\t\t><\/iframe>\n\t\t<\/div>\n\t\t\t\t\t\t<\/div>\n\t\t\t\t\t<\/div>\n\t\t\t\t<\/div>\n\t\t\t\t<\/div>\n\t\t","protected":false},"excerpt":{"rendered":"<p>Masz pytania? Ch\u0119tnie udzielimy odpowiedzi: Patryk Karolczyk \u2013 Prezes Zarz\u0105du \u00a0zapytania ofertowe \u00a0transport i odbi\u00f3r pr\u00f3bek \u00a0doradztwo techniczne w zakresie bada\u0144 \u00a0kwestie umowne tel: (+48) 733859277 email: p.karolczyk@trilabs.pl Dawid Dworak \u2013 Cz\u0142onek Zarz\u0105du \u00a0zapytania ofertowe \u00a0planowanie bada\u0144 wsparcie projektowe w geotechnice \u00a0kwestie umowne tel: (+48) 509670899 email: d.dworak@trilabs.pl Ma\u0142gorzata Wdowska \u2013 Cz\u0142onek Zarz\u0105du \u00a0doradztwo techniczne [&hellip;]<\/p>\n","protected":false},"author":2,"featured_media":0,"parent":0,"menu_order":0,"comment_status":"closed","ping_status":"closed","template":"","meta":{"footnotes":""},"class_list":["post-29","page","type-page","status-publish","hentry"],"blocksy_meta":[],"_links":{"self":[{"href":"https:\/\/trilabs.pl\/en\/wp-json\/wp\/v2\/pages\/29","targetHints":{"allow":["GET"]}}],"collection":[{"href":"https:\/\/trilabs.pl\/en\/wp-json\/wp\/v2\/pages"}],"about":[{"href":"https:\/\/trilabs.pl\/en\/wp-json\/wp\/v2\/types\/page"}],"author":[{"embeddable":true,"href":"https:\/\/trilabs.pl\/en\/wp-json\/wp\/v2\/users\/2"}],"replies":[{"embeddable":true,"href":"https:\/\/trilabs.pl\/en\/wp-json\/wp\/v2\/comments?post=29"}],"version-history":[{"count":67,"href":"https:\/\/trilabs.pl\/en\/wp-json\/wp\/v2\/pages\/29\/revisions"}],"predecessor-version":[{"id":993,"href":"https:\/\/trilabs.pl\/en\/wp-json\/wp\/v2\/pages\/29\/revisions\/993"}],"wp:attachment":[{"href":"https:\/\/trilabs.pl\/en\/wp-json\/wp\/v2\/media?parent=29"}],"curies":[{"name":"wp","href":"https:\/\/api.w.org\/{rel}","templated":true}]}}