{"id":976,"date":"2025-12-16T11:05:47","date_gmt":"2025-12-16T10:05:47","guid":{"rendered":"https:\/\/trilabs.pl\/?page_id=976"},"modified":"2025-12-16T11:09:24","modified_gmt":"2025-12-16T10:09:24","slug":"polityka-prywatnosci","status":"publish","type":"page","link":"https:\/\/trilabs.pl\/en\/polityka-prywatnosci\/","title":{"rendered":"Polityka Prywatno\u015bci"},"content":{"rendered":"<div data-elementor-type=\"wp-page\" data-elementor-id=\"976\" class=\"elementor elementor-976\" data-elementor-post-type=\"page\">\n\t\t\t\t<div class=\"elementor-element elementor-element-f02fb55 e-flex e-con-boxed e-con e-parent\" data-id=\"f02fb55\" data-element_type=\"container\" data-e-type=\"container\">\n\t\t\t\t\t<div class=\"e-con-inner\">\n\t\t\t\t<div class=\"elementor-element elementor-element-be1a8ac elementor-widget elementor-widget-heading\" data-id=\"be1a8ac\" data-element_type=\"widget\" data-e-type=\"widget\" data-widget_type=\"heading.default\">\n\t\t\t\t\t<h2 class=\"elementor-heading-title elementor-size-default\">Polityka Prywatno\u015bci<\/h2>\t\t\t\t<\/div>\n\t\t\t\t\t<\/div>\n\t\t\t\t<\/div>\n\t\t<div class=\"elementor-element elementor-element-c4811f1 e-flex e-con-boxed e-con e-parent\" data-id=\"c4811f1\" data-element_type=\"container\" data-e-type=\"container\">\n\t\t\t\t\t<div class=\"e-con-inner\">\n\t\t\t\t<div class=\"elementor-element elementor-element-5f1c387 elementor-widget elementor-widget-text-editor\" data-id=\"5f1c387\" data-element_type=\"widget\" data-e-type=\"widget\" data-widget_type=\"text-editor.default\">\n\t\t\t\t\t\t\t\t\t<p><br \/>Korzystanie z serwisu trilabs.pl jest r\u00f3wnoznaczne z zaakceptowaniem zasad Polityki Prywatno\u015bci.<br \/>Zastrzegamy sobie prawo do wprowadzania zmian w Polityce Prywatno\u015bci.<br \/>Nie udost\u0119pniamy danych u\u017cytkownik\u00f3w osobom trzecim innym ni\u017c wskazane w tre\u015bci Regulaminu.<br \/>Klient ma prawo do zmiany lub usuni\u0119cia swoich danych z bazy serwisu.<br \/>Zastrzegamy sobie prawo do wysy\u0142ania wiadomo\u015bci osobom, kt\u00f3rych dane kontaktowe uzyskali\u015bmy, dzi\u0119ki dzia\u0142alno\u015bci zwi\u0105zanej z tym serwisem. Informacje zawarte w powy\u017cszych wiadomo\u015bciach mog\u0105 odnosi\u0107 si\u0119 do produkt\u00f3w i us\u0142ug oferowanych przez serwis oraz mie\u0107 charakter komercyjny i informacyjny.<\/p><p>Polityka Cookies<br \/>Serwis nie zbiera w spos\u00f3b automatyczny \u017cadnych informacji, z wyj\u0105tkiem informacji zawartych w plikach cookies (tzw. \u201eciasteczkach\u201d). Pliki cookies stanowi\u0105 dane informatyczne, w szczeg\u00f3lno\u015bci pliki tekstowe, kt\u00f3re przechowywane s\u0105 na urz\u0105dzeniu U\u017cytkownika Serwisu i przeznaczone s\u0105 do korzystania ze stron internetowych Serwisu. Cookies zazwyczaj zawieraj\u0105 nazw\u0119 strony internetowej, z kt\u00f3rej pochodz\u0105, czas przechowywania ich na urz\u0105dzeniu ko\u0144cowym oraz unikalny numer.<\/p><p>Pliki cookies wykorzystywane s\u0105 w celu:<br \/>&#8211;\u00a0\u00a0\u00a0\u00a0\u00a0\u00a0\u00a0\u00a0 dostosowania zawarto\u015bci stron internetowych Serwisu do optymalizacji korzystania ze stron internetowych i preferencji U\u017cytkownika oraz efektywnego wy\u015bwietlania strony internetowej.<br \/>&#8211;\u00a0\u00a0\u00a0\u00a0\u00a0\u00a0\u00a0\u00a0 rozpoznania urz\u0105dze\u0144 ko\u0144cowych w celu dostosowania jako\u015bci us\u0142ug do potrzeb Klienta.<br \/>&#8211;\u00a0\u00a0\u00a0\u00a0\u00a0\u00a0\u00a0\u00a0 statystycznym, pomagaj\u0105cym rozpozna\u0107, w jaki spos\u00f3b U\u017cytkownicy Serwisu korzystaj\u0105 ze stron internetowych, co umo\u017cliwia ulepszanie ich struktury i zawarto\u015bci.<br \/>&#8211;\u00a0\u00a0\u00a0\u00a0\u00a0\u00a0\u00a0\u00a0 utrzymanie sesji U\u017cytkownika Serwisu (po zalogowaniu).<\/p><p>Stosujemy dwa rodzaje plik\u00f3w cookies: \u201esesyjne\u201d (session cookies) oraz \u201esta\u0142e\u201d (persistent cookies). Cookies \u201esesyjne\u201d s\u0105 plikami tymczasowymi, kt\u00f3re przechowywane s\u0105 w urz\u0105dzeniu ko\u0144cowym U\u017cytkownika do czasu wylogowania, opuszczenia strony internetowej lub wy\u0142\u0105czenia oprogramowania (przegl\u0105darki internetowej). \u201eSta\u0142e\u201d pliki cookies przechowywane s\u0105 w urz\u0105dzeniu ko\u0144cowym U\u017cytkownika przez czas okre\u015blony w parametrach plik\u00f3w cookies lub do czasu ich usuni\u0119cia przez U\u017cytkownika.<\/p><p>W ramach Serwisu stosowane s\u0105 nast\u0119puj\u0105ce rodzaje plik\u00f3w cookies:<br \/>\u00a0a) \u201efunkcjonalne\u201d pliki cookies, umo\u017cliwiaj\u0105ce \u201ezapami\u0119tanie\u201d wybranych przez U\u017cytkownika ustawie\u0144 i personalizacj\u0119 interfejsu U\u017cytkownika, np. w zakresie wybranego j\u0119zyka lub regionu, z kt\u00f3rego pochodzi U\u017cytkownik, rozmiaru czcionki, wygl\u0105du strony internetowej itp.;<br \/>b) \u201ereklamowe\u201d pliki cookies, umo\u017cliwiaj\u0105ce dostarczanie U\u017cytkownikom tre\u015bci reklamowych bardziej dostosowanych do ich zainteresowa\u0144;<br \/>c) \u201ewydajno\u015bciowe\u201d pliki cookies, umo\u017cliwiaj\u0105ce zbieranie informacji o sposobie korzystania ze stron internetowych Serwisu;<br \/>d) \u201eniezb\u0119dne\u201d pliki cookies, umo\u017cliwiaj\u0105ce korzystanie z us\u0142ug dost\u0119pnych w ramach Serwisu, np. uwierzytelniaj\u0105ce pliki cookies wykorzystywane do us\u0142ug wymagaj\u0105cych uwierzytelniania w ramach Serwisu;<br \/>e) pliki cookies s\u0142u\u017c\u0105ce do zapewnienia bezpiecze\u0144stwa, np. wykorzystywane do wykrywania nadu\u017cy\u0107 w zakresie uwierzytelniania w ramach Serwisu ;<\/p><p>Cz\u0119sto, oprogramowanie s\u0142u\u017c\u0105ce do przegl\u0105dania stron internetowych domy\u015blnie dopuszcza przechowywanie plik\u00f3w cookies w urz\u0105dzeniu ko\u0144cowym U\u017cytkownika. U\u017cytkownicy mog\u0105 dokona\u0107 korekty ustawie\u0144 dot. plik\u00f3w cookies. W przegl\u0105darce internetowej mo\u017cna zmieni\u0107 ich ustawienia, aby blokowa\u0107 automatyczn\u0105 obs\u0142ug\u0119 plik\u00f3w cookies lub informowa\u0107 o ich ka\u017cdorazowym zamieszczeniu w urz\u0105dzeniu U\u017cytkownika Serwisu. Szczeg\u00f3\u0142owe informacje o mo\u017cliwo\u015bci i sposobach obs\u0142ugi plik\u00f3w cookies dost\u0119pne s\u0105 w ustawieniach przegl\u0105darki internetowej. Administrator Serwisu informuje, \u017ce ograniczenia stosowania plik\u00f3w cookies mog\u0105 wp\u0142yn\u0105\u0107 na niekt\u00f3re funkcjonalno\u015bci dost\u0119pne na stronach internetowych Serwisu. Pliki cookies zamieszczane w urz\u0105dzeniu ko\u0144cowym U\u017cytkownika Serwisu mog\u0105 by\u0107 wykorzystywane przez wsp\u00f3\u0142pracuj\u0105cych z operatorem Serwisu reklamodawc\u00f3w oraz partner\u00f3w. Wi\u0119cej informacji na temat plik\u00f3w cookies dost\u0119pnych jest w dziale \u201ePomoc\u201d w menu przegl\u0105darki internetowej.<\/p>\t\t\t\t\t\t\t\t<\/div>\n\t\t\t\t\t<\/div>\n\t\t\t\t<\/div>\n\t\t\t\t<\/div>","protected":false},"excerpt":{"rendered":"<p>Polityka Prywatno\u015bci Korzystanie z serwisu trilabs.pl jest r\u00f3wnoznaczne z zaakceptowaniem zasad Polityki Prywatno\u015bci.Zastrzegamy sobie prawo do wprowadzania zmian w Polityce Prywatno\u015bci.Nie udost\u0119pniamy danych u\u017cytkownik\u00f3w osobom trzecim innym ni\u017c wskazane w tre\u015bci Regulaminu.Klient ma prawo do zmiany lub usuni\u0119cia swoich danych z bazy serwisu.Zastrzegamy sobie prawo do wysy\u0142ania wiadomo\u015bci osobom, kt\u00f3rych dane kontaktowe uzyskali\u015bmy, dzi\u0119ki dzia\u0142alno\u015bci [&hellip;]<\/p>\n","protected":false},"author":2,"featured_media":0,"parent":0,"menu_order":0,"comment_status":"closed","ping_status":"closed","template":"","meta":{"footnotes":""},"class_list":["post-976","page","type-page","status-publish","hentry"],"blocksy_meta":[],"_links":{"self":[{"href":"https:\/\/trilabs.pl\/en\/wp-json\/wp\/v2\/pages\/976","targetHints":{"allow":["GET"]}}],"collection":[{"href":"https:\/\/trilabs.pl\/en\/wp-json\/wp\/v2\/pages"}],"about":[{"href":"https:\/\/trilabs.pl\/en\/wp-json\/wp\/v2\/types\/page"}],"author":[{"embeddable":true,"href":"https:\/\/trilabs.pl\/en\/wp-json\/wp\/v2\/users\/2"}],"replies":[{"embeddable":true,"href":"https:\/\/trilabs.pl\/en\/wp-json\/wp\/v2\/comments?post=976"}],"version-history":[{"count":4,"href":"https:\/\/trilabs.pl\/en\/wp-json\/wp\/v2\/pages\/976\/revisions"}],"predecessor-version":[{"id":980,"href":"https:\/\/trilabs.pl\/en\/wp-json\/wp\/v2\/pages\/976\/revisions\/980"}],"wp:attachment":[{"href":"https:\/\/trilabs.pl\/en\/wp-json\/wp\/v2\/media?parent=976"}],"curies":[{"name":"wp","href":"https:\/\/api.w.org\/{rel}","templated":true}]}}